{"id":1087,"date":"2025-03-04T11:18:57","date_gmt":"2025-03-04T11:18:57","guid":{"rendered":"https:\/\/yourcontributionsquared.eu\/?page_id=1087"},"modified":"2025-03-13T10:44:02","modified_gmt":"2025-03-13T10:44:02","slug":"impressum","status":"publish","type":"page","link":"https:\/\/yourcontributionsquared.eu\/en\/impressum\/","title":{"rendered":"Imprint"},"content":{"rendered":"<div data-elementor-type=\"wp-page\" data-elementor-id=\"1087\" class=\"elementor elementor-1087\" data-elementor-post-type=\"page\">\n\t\t\t\t\t\t<section class=\"elementor-section elementor-top-section elementor-element elementor-element-4b7c4db elementor-section-boxed elementor-section-height-default elementor-section-height-default\" data-id=\"4b7c4db\" data-element_type=\"section\">\n\t\t\t\t\t\t<div class=\"elementor-container elementor-column-gap-default\">\n\t\t\t\t\t<div class=\"elementor-column elementor-col-100 elementor-top-column elementor-element elementor-element-8983fcf\" data-id=\"8983fcf\" data-element_type=\"column\">\n\t\t\t<div class=\"elementor-widget-wrap elementor-element-populated\">\n\t\t\t\t\t\t<div class=\"elementor-element elementor-element-0039ed4 elementor-widget elementor-widget-heading\" data-id=\"0039ed4\" data-element_type=\"widget\" data-widget_type=\"heading.default\">\n\t\t\t\t<div class=\"elementor-widget-container\">\n\t\t\t\t\t<h2 class=\"elementor-heading-title elementor-size-default\">Imprint<\/h2>\t\t\t\t<\/div>\n\t\t\t\t<\/div>\n\t\t\t\t<div class=\"elementor-element elementor-element-f9ff375 elementor-widget elementor-widget-text-editor\" data-id=\"f9ff375\" data-element_type=\"widget\" data-widget_type=\"text-editor.default\">\n\t\t\t\t<div class=\"elementor-widget-container\">\n\t\t\t\t\t\t\t\t\t<p><strong style=\"color: #000000; font-family: var( --e-global-typography-text-font-family ), Sans-serif; background-color: var(--bs-body-bg); font-size: var(--bs-body-font-size); text-align: var(--bs-body-text-align);\">Responsible for the content:<\/strong><\/p>\n<p><span style=\"color: #000000;\">J\u00f6rg Oechssler &amp; Georg Weizs\u00e4cker<\/span><\/p>\n<p><span style=\"color: #000000;\"><!-- \/wp:paragraph --><!-- wp:paragraph --><\/span><\/p>\n<p><span style=\"color: #000000;\"><strong>Contact:<\/strong><\/span><br \/><span style=\"color: #000000;\">E-Mail: <a style=\"color: #000000;\">oechssler@uni-hd.de<\/a><\/span><br \/><span style=\"color: #000000;\">E-Mail: <a style=\"color: #000000;\">weizsaecker@hu-berlin.de<\/a><\/span><\/p>\n<p><span style=\"color: #000000;\"><!-- \/wp:paragraph --><!-- wp:paragraph --><\/span><\/p>\n<p>\u00a0<\/p>\t\t\t\t\t\t\t\t<\/div>\n\t\t\t\t<\/div>\n\t\t\t\t\t<\/div>\n\t\t<\/div>\n\t\t\t\t\t<\/div>\n\t\t<\/section>\n\t\t\t\t<\/div>","protected":false},"excerpt":{"rendered":"<p>Verantwortlich f\u00fcr den Inhalt: J\u00f6rg Oechssler &amp; Georg Weizs\u00e4cker Kontakt:E-Mail: oechssler@uni-hd.deE-Mail: weizsaecker@hu-berlin.de \u00a0<\/p>","protected":false},"author":1,"featured_media":0,"parent":0,"menu_order":0,"comment_status":"closed","ping_status":"closed","template":"","meta":{"footnotes":""},"class_list":["post-1087","page","type-page","status-publish","hentry"],"_links":{"self":[{"href":"https:\/\/yourcontributionsquared.eu\/en\/wp-json\/wp\/v2\/pages\/1087","targetHints":{"allow":["GET"]}}],"collection":[{"href":"https:\/\/yourcontributionsquared.eu\/en\/wp-json\/wp\/v2\/pages"}],"about":[{"href":"https:\/\/yourcontributionsquared.eu\/en\/wp-json\/wp\/v2\/types\/page"}],"author":[{"embeddable":true,"href":"https:\/\/yourcontributionsquared.eu\/en\/wp-json\/wp\/v2\/users\/1"}],"replies":[{"embeddable":true,"href":"https:\/\/yourcontributionsquared.eu\/en\/wp-json\/wp\/v2\/comments?post=1087"}],"version-history":[{"count":9,"href":"https:\/\/yourcontributionsquared.eu\/en\/wp-json\/wp\/v2\/pages\/1087\/revisions"}],"predecessor-version":[{"id":1119,"href":"https:\/\/yourcontributionsquared.eu\/en\/wp-json\/wp\/v2\/pages\/1087\/revisions\/1119"}],"wp:attachment":[{"href":"https:\/\/yourcontributionsquared.eu\/en\/wp-json\/wp\/v2\/media?parent=1087"}],"curies":[{"name":"wp","href":"https:\/\/api.w.org\/{rel}","templated":true}]}}