{"id":205,"date":"2025-02-26T14:52:35","date_gmt":"2025-02-26T14:52:35","guid":{"rendered":"https:\/\/yourcontributionsquared.eu\/?page_id=205"},"modified":"2025-03-24T15:54:35","modified_gmt":"2025-03-24T15:54:35","slug":"ihre-spende","status":"publish","type":"page","link":"https:\/\/yourcontributionsquared.eu\/en\/ihre-spende\/","title":{"rendered":"Your Donation"},"content":{"rendered":"<div data-elementor-type=\"wp-page\" data-elementor-id=\"205\" class=\"elementor elementor-205\" data-elementor-post-type=\"page\">\n\t\t\t\t\t\t<section class=\"elementor-section elementor-top-section elementor-element elementor-element-5182d32 elementor-section-boxed elementor-section-height-default elementor-section-height-default\" data-id=\"5182d32\" data-element_type=\"section\">\n\t\t\t\t\t\t<div class=\"elementor-container elementor-column-gap-default\">\n\t\t\t\t\t<div class=\"elementor-column elementor-col-100 elementor-top-column elementor-element elementor-element-bce862b\" data-id=\"bce862b\" data-element_type=\"column\">\n\t\t\t<div class=\"elementor-widget-wrap elementor-element-populated\">\n\t\t\t\t\t\t<section class=\"elementor-section elementor-inner-section elementor-element elementor-element-7c6a872 elementor-section-boxed elementor-section-height-default elementor-section-height-default\" data-id=\"7c6a872\" data-element_type=\"section\">\n\t\t\t\t\t\t<div class=\"elementor-container elementor-column-gap-default\">\n\t\t\t\t\t<div class=\"elementor-column elementor-col-33 elementor-inner-column elementor-element elementor-element-f9253e7\" data-id=\"f9253e7\" data-element_type=\"column\">\n\t\t\t<div class=\"elementor-widget-wrap\">\n\t\t\t\t\t\t\t<\/div>\n\t\t<\/div>\n\t\t\t\t<div class=\"elementor-column elementor-col-33 elementor-inner-column elementor-element elementor-element-537815a\" data-id=\"537815a\" data-element_type=\"column\">\n\t\t\t<div class=\"elementor-widget-wrap elementor-element-populated\">\n\t\t\t\t\t\t<div class=\"elementor-element elementor-element-c3c750d elementor-widget elementor-widget-heading\" data-id=\"c3c750d\" data-element_type=\"widget\" data-widget_type=\"heading.default\">\n\t\t\t\t<div class=\"elementor-widget-container\">\n\t\t\t\t\t<h1 class=\"elementor-heading-title elementor-size-default\">Your Donation<\/h1>\t\t\t\t<\/div>\n\t\t\t\t<\/div>\n\t\t\t\t<div class=\"elementor-element elementor-element-01a5a4a elementor-widget elementor-widget-text-editor\" data-id=\"01a5a4a\" data-element_type=\"widget\" data-widget_type=\"text-editor.default\">\n\t\t\t\t<div class=\"elementor-widget-container\">\n\t\t\t\t\t\t\t\t\t<p>Thank you! Your contribution is highly appreciated and you help finding the largest possible square. Below, we describe how we proceed, in a bit more detail. (It's very simple.)<\/p><p>A note in advance: We will publish the names of all the people who make up the final square on this website. You can also decide to remain anonymous, after you have made your transfer.\u00a0<\/p><p>Now for the next steps: The search for the largest possible square will continue until March 10, 2025, 10am CET. Until then, we will contact potential donors. We may also ask you again, later, whether you want to increase your contribution if other people do so.<\/p><p>To avoid having to contact you unnecessarily often, we ask you to tell us the maximum amount that you would be willing to give if an equal number of people are willing to give the same amount. That is, we ask you to tell us the largest square you would be willing to take part in.\u00a0<\/p><p>Please take a moment to think about how much you can give, and whether you can pledge a generously large donation if others are doing the same. Your pledge will make the process quicker for you - and by making the square grow faster, you will encourage others to make generous contributions as well.<\/p><p>Please note:<\/p><p>\u2014 If the square cannot be built to the size suggested by your maximum contribution, then you will give less: only as much as corresponds to the size of the largest possible square we can find.<\/p><p>\u2014 If other people create a square that is even larger than the square that corresponds to the maximum amount that you have specified, then you do not have to give anything. In this case, we will contact you again. (Don\u2019t worry, we will contact you no more than once.)<\/p><p>We will also notify you as soon as the search for the largest square is completed.<\/p>\t\t\t\t\t\t\t\t<\/div>\n\t\t\t\t<\/div>\n\t\t\t\t<div class=\"elementor-element elementor-element-9a8806b elementor-widget elementor-widget-text-editor\" data-id=\"9a8806b\" data-element_type=\"widget\" data-widget_type=\"text-editor.default\">\n\t\t\t\t<div class=\"elementor-widget-container\">\n\t\t\t\t\t\t\t\t\t<p style=\"text-align: left;\"><a style=\"background-color: var(--bs-body-bg);\" href=\"https:\/\/yourcontributionsquared.eu\/en\/zahlenbeispiel\/\" target=\"_blank\" rel=\"noopener\">Here<\/a> you can find a numerical example. More information about the procedures of your money transfer, and about the donation page of the Ukrainian government, is <a href=\"https:\/\/yourcontributionsquared.eu\/en\/uberweisung\/\"><span style=\"text-decoration: underline;\">here<\/span><\/a>.<\/p><p style=\"text-align: left;\">Please check whether you agree to these terms. Donations are made via PayPal or credit card.<\/p>\t\t\t\t\t\t\t\t<\/div>\n\t\t\t\t<\/div>\n\t\t\t\t<div class=\"elementor-element elementor-element-9efc843 elementor-widget elementor-widget-text-editor\" data-id=\"9efc843\" data-element_type=\"widget\" data-widget_type=\"text-editor.default\">\n\t\t\t\t<div class=\"elementor-widget-container\">\n\t\t\t\t\t\t\t\t\t<p class=\"translation-block\">If you have any questions, you can find our contact details <span style=\"text-decoration: underline\"><a href=\"https:\/\/yourcontributionsquared.eu\/en\/hintergrund\/\" target=\"_self\">here<\/a><\/span> - just contact us.<\/p>\t\t\t\t\t\t\t\t<\/div>\n\t\t\t\t<\/div>\n\t\t\t\t<div class=\"elementor-element elementor-element-c313852 elementor-widget elementor-widget-heading\" data-id=\"c313852\" data-element_type=\"widget\" data-widget_type=\"heading.default\">\n\t\t\t\t<div class=\"elementor-widget-container\">\n\t\t\t\t\t<h1 class=\"elementor-heading-title elementor-size-default\">Please enter your maximum contribution and your contact information below. Remeber, every additional euro has a quadratic effect: it doesn't cost you much - just one euro - but the possible total contribution increases by much, much more.<br><br>\nThat's it. By clicking on \"Submit\" you are making your payment promise. Thank you for your generosity! And please, pass the information about the \"Your contribution squared\" website on, to as many other people as you like. The bigger the group, the more we can do for Ukraine, and all of Europe.<\/h1>\t\t\t\t<\/div>\n\t\t\t\t<\/div>\n\t\t\t\t<div class=\"elementor-element elementor-element-4fef09f elementor-widget elementor-widget-text-editor\" data-id=\"4fef09f\" data-element_type=\"widget\" data-widget_type=\"text-editor.default\">\n\t\t\t\t<div class=\"elementor-widget-container\">\n\t\t\t\t\t\t\t\t\t<p style=\"text-align: center;\"><strong><span style=\"color: #ff0000;\">The coordination of donation pledges was closed on March 10, 2025, at 10am CET.<\/span><\/strong><\/p>\t\t\t\t\t\t\t\t<\/div>\n\t\t\t\t<\/div>\n\t\t\t\t<div class=\"elementor-element elementor-element-32190c0 elementor-button-align-start elementor-hidden-laptop elementor-hidden-tablet_extra elementor-hidden-tablet elementor-hidden-mobile_extra elementor-hidden-mobile elementor-hidden-desktop elementor-widget elementor-widget-form\" data-id=\"32190c0\" data-element_type=\"widget\" data-settings=\"{&quot;step_next_label&quot;:&quot;Next&quot;,&quot;step_previous_label&quot;:&quot;Previous&quot;,&quot;button_width&quot;:&quot;100&quot;,&quot;step_type&quot;:&quot;number_text&quot;,&quot;step_icon_shape&quot;:&quot;circle&quot;}\" data-widget_type=\"form.default\">\n\t\t\t\t<div class=\"elementor-widget-container\">\n\t\t\t\t\t\t\t<form class=\"elementor-form\" method=\"post\" id=\"new_form_id_custom\" name=\"Donation_Form\" action=\"\">\n\t\t\t<input type=\"hidden\" name=\"post_id\" value=\"205\"\/>\n\t\t\t<input type=\"hidden\" name=\"form_id\" value=\"32190c0\"\/>\n\t\t\t<input type=\"hidden\" name=\"referer_title\" value=\"Ihre Spende\" \/>\n\n\t\t\t\t\t\t\t<input type=\"hidden\" name=\"queried_id\" value=\"205\"\/>\n\t\t\t\n\t\t\t<div class=\"elementor-form-fields-wrapper elementor-labels-\">\n\t\t\t\t\t\t\t\t<div class=\"elementor-field-type-text elementor-field-group elementor-column elementor-field-group-name elementor-col-100 elementor-field-required\">\n\t\t\t\t\t\t\t\t\t\t\t\t<label for=\"form-field-name\" class=\"elementor-field-label elementor-screen-only\">\n\t\t\t\t\t\t\t\tFirst and last name\t\t\t\t\t\t\t<\/label>\n\t\t\t\t\t\t\t\t\t\t\t\t\t\t<input size=\"1\" type=\"text\" name=\"form_fields[name]\" id=\"form-field-name\" class=\"elementor-field elementor-size-sm  elementor-field-textual\" placeholder=\"First and last name\" required=\"required\">\n\t\t\t\t\t\t\t\t\t\t\t<\/div>\n\t\t\t\t\t\t\t\t<div class=\"elementor-field-type-email elementor-field-group elementor-column elementor-field-group-email elementor-col-100 elementor-field-required\">\n\t\t\t\t\t\t\t\t\t\t\t\t<label for=\"form-field-email\" class=\"elementor-field-label elementor-screen-only\">\n\t\t\t\t\t\t\t\tEmail address\t\t\t\t\t\t\t<\/label>\n\t\t\t\t\t\t\t\t\t\t\t\t\t\t<input size=\"1\" type=\"email\" name=\"form_fields[email]\" id=\"form-field-email\" class=\"elementor-field elementor-size-sm  elementor-field-textual\" placeholder=\"Email address\" required=\"required\">\n\t\t\t\t\t\t\t\t\t\t\t<\/div>\n\t\t\t\t\t\t\t\t<div class=\"elementor-field-type-number elementor-field-group elementor-column elementor-field-group-donation_amount elementor-col-100 elementor-field-required\">\n\t\t\t\t\t\t\t\t\t\t\t\t<label for=\"form-field-donation_amount\" class=\"elementor-field-label elementor-screen-only\">\n\t\t\t\t\t\t\t\tYour maximum contribution\t\t\t\t\t\t\t<\/label>\n\t\t\t\t\t\t\t\t\t<input type=\"number\" name=\"form_fields[donation_amount]\" id=\"form-field-donation_amount\" class=\"elementor-field elementor-size-sm  elementor-field-textual\" placeholder=\"Your maximum contribution\" required=\"required\" min=\"1\" max=\"\" >\n\t\t\t\t\t\t<\/div>\n\t\t\t\t\t\t\t\t<div class=\"elementor-field-type-recaptcha elementor-field-group elementor-column elementor-field-group-field_5bc0816 elementor-col-100\">\n\t\t\t\t\t<div class=\"elementor-field\" id=\"form-field-field_5bc0816\"><div class=\"elementor-g-recaptcha\" data-sitekey=\"6LduouUqAAAAAE2WHYkQN6JMFzYpoIG1o_KhuAua\" data-type=\"v2_checkbox\" data-theme=\"light\" data-size=\"normal\"><\/div><\/div>\t\t\t\t<\/div>\n\t\t\t\t\t\t\t\t<div class=\"elementor-field-group elementor-column elementor-field-type-submit elementor-col-100 e-form__buttons\">\n\t\t\t\t\t<button class=\"elementor-button elementor-size-sm\" type=\"submit\" id=\"submit_button1\">\n\t\t\t\t\t\t<span class=\"elementor-button-content-wrapper\">\n\t\t\t\t\t\t\t\t\t\t\t\t\t\t\t\t\t\t\t\t\t\t<span class=\"elementor-button-text\">Submit<\/span>\n\t\t\t\t\t\t\t\t\t\t\t\t\t<\/span>\n\t\t\t\t\t<\/button>\n\t\t\t\t<\/div>\n\t\t\t<\/div>\n\t\t<input type=\"hidden\" name=\"trp-form-language\" value=\"en\"\/><\/form>\n\t\t\t\t\t\t<\/div>\n\t\t\t\t<\/div>\n\t\t\t\t<div class=\"elementor-element elementor-element-674e33c elementor-hidden-desktop elementor-hidden-laptop elementor-hidden-tablet_extra elementor-hidden-tablet elementor-hidden-mobile_extra elementor-hidden-mobile elementor-widget elementor-widget-html\" data-id=\"674e33c\" data-element_type=\"widget\" data-widget_type=\"html.default\">\n\t\t\t\t<div class=\"elementor-widget-container\">\n\t\t\t\t\t<script>\ndocument.addEventListener(\"DOMContentLoaded\", function() {\n    let submitButton = document.getElementById(\"submit_button1\");\n\n    if (submitButton) {\n        submitButton.addEventListener(\"click\", function() {\n            console.log(\"Submit button clicked! Reloading in 3 seconds...\");\n            localStorage.setItem(\"showThankYou\", \"true\"); \/\/ Store flag to show message after reload\n            setTimeout(function() {\n                location.reload();\n            }, 500);\n        });\n    }\n\n    \/\/ Check if we should show the thank-you message\n    if (localStorage.getItem(\"showThankYou\") === \"true\") {\n        let messageDiv = document.createElement(\"div\");\n        messageDiv.textContent = \"Thank you for pledging to donate!\";\n        messageDiv.style.position = \"fixed\";\n        messageDiv.style.top = \"50%\";\n        messageDiv.style.left = \"50%\";\n        messageDiv.style.transform = \"translate(-50%, -50%)\";\n        messageDiv.style.backgroundColor = \"rgb(47,82,143)\"; \/\/ Updated to requested blue\n        messageDiv.style.color = \"white\";\n        messageDiv.style.padding = \"20px 40px\"; \/\/ Increased padding for bigger size\n        messageDiv.style.fontSize = \"20px\"; \/\/ Bigger font size\n        messageDiv.style.borderRadius = \"10px\";\n        messageDiv.style.boxShadow = \"0px 6px 10px rgba(0, 0, 0, 0.2)\";\n        messageDiv.style.zIndex = \"1000\";\n        document.body.appendChild(messageDiv);\n\n        \/\/ Remove the message after 5 seconds\n        setTimeout(function() {\n            messageDiv.remove();\n        }, 1500);\n\n        \/\/ Clear localStorage so it doesn't show again\n        localStorage.removeItem(\"showThankYou\");\n    }\n});\n<\/script>\t\t\t\t<\/div>\n\t\t\t\t<\/div>\n\t\t\t\t<div class=\"elementor-element elementor-element-64df7cd elementor-hidden-desktop elementor-hidden-laptop elementor-hidden-tablet_extra elementor-hidden-tablet elementor-hidden-mobile_extra elementor-hidden-mobile elementor-widget elementor-widget-heading\" data-id=\"64df7cd\" data-element_type=\"widget\" data-widget_type=\"heading.default\">\n\t\t\t\t<div class=\"elementor-widget-container\">\n\t\t\t\t\t<h1 class=\"elementor-heading-title elementor-size-default\">A confirmation will be sent to your email address after submitting.<\/h1>\t\t\t\t<\/div>\n\t\t\t\t<\/div>\n\t\t\t\t\t<\/div>\n\t\t<\/div>\n\t\t\t\t<div class=\"elementor-column elementor-col-33 elementor-inner-column elementor-element elementor-element-2a9dfa3\" data-id=\"2a9dfa3\" data-element_type=\"column\">\n\t\t\t<div class=\"elementor-widget-wrap\">\n\t\t\t\t\t\t\t<\/div>\n\t\t<\/div>\n\t\t\t\t\t<\/div>\n\t\t<\/section>\n\t\t\t\t\t<\/div>\n\t\t<\/div>\n\t\t\t\t\t<\/div>\n\t\t<\/section>\n\t\t\t\t<\/div>","protected":false},"excerpt":{"rendered":"<p>Danke! Ihr Beitrag ist wertvoll und Sie helfen, das gr\u00f6\u00dftm\u00f6gliche Quadrat zu erm\u00f6glichen. Wir beschreiben hier, wie es weitergeht. (Es ist ganz einfach.) Vorab: Wir werden die Namen aller Personen, die das endg\u00fcltige Quadrat bilden, auf dieser Webseite ver\u00f6ffentlichen. Sie k\u00f6nnen aber, nachdem sie Ihre \u00dcberweisung get\u00e4tigt haben, auch anonym bleiben.\u00a0 Zum weiteren Vorgehen: Die [&hellip;]<\/p>","protected":false},"author":1,"featured_media":0,"parent":0,"menu_order":0,"comment_status":"closed","ping_status":"closed","template":"elementor_header_footer","meta":{"footnotes":""},"class_list":["post-205","page","type-page","status-publish","hentry"],"_links":{"self":[{"href":"https:\/\/yourcontributionsquared.eu\/en\/wp-json\/wp\/v2\/pages\/205","targetHints":{"allow":["GET"]}}],"collection":[{"href":"https:\/\/yourcontributionsquared.eu\/en\/wp-json\/wp\/v2\/pages"}],"about":[{"href":"https:\/\/yourcontributionsquared.eu\/en\/wp-json\/wp\/v2\/types\/page"}],"author":[{"embeddable":true,"href":"https:\/\/yourcontributionsquared.eu\/en\/wp-json\/wp\/v2\/users\/1"}],"replies":[{"embeddable":true,"href":"https:\/\/yourcontributionsquared.eu\/en\/wp-json\/wp\/v2\/comments?post=205"}],"version-history":[{"count":163,"href":"https:\/\/yourcontributionsquared.eu\/en\/wp-json\/wp\/v2\/pages\/205\/revisions"}],"predecessor-version":[{"id":1229,"href":"https:\/\/yourcontributionsquared.eu\/en\/wp-json\/wp\/v2\/pages\/205\/revisions\/1229"}],"wp:attachment":[{"href":"https:\/\/yourcontributionsquared.eu\/en\/wp-json\/wp\/v2\/media?parent=205"}],"curies":[{"name":"wp","href":"https:\/\/api.w.org\/{rel}","templated":true}]}}