{"id":473,"date":"2025-02-27T14:42:37","date_gmt":"2025-02-27T14:42:37","guid":{"rendered":"https:\/\/yourcontributionsquared.eu\/?page_id=473"},"modified":"2025-03-24T15:09:12","modified_gmt":"2025-03-24T15:09:12","slug":"uberweisung","status":"publish","type":"page","link":"https:\/\/yourcontributionsquared.eu\/en\/uberweisung\/","title":{"rendered":"Bank Transfer"},"content":{"rendered":"<div data-elementor-type=\"wp-page\" data-elementor-id=\"473\" class=\"elementor elementor-473\" data-elementor-post-type=\"page\">\n\t\t\t\t\t\t<section class=\"elementor-section elementor-top-section elementor-element elementor-element-47c2f5d elementor-section-boxed elementor-section-height-default elementor-section-height-default\" data-id=\"47c2f5d\" data-element_type=\"section\">\n\t\t\t\t\t\t<div class=\"elementor-container elementor-column-gap-default\">\n\t\t\t\t\t<div class=\"elementor-column elementor-col-100 elementor-top-column elementor-element elementor-element-6a277f0\" data-id=\"6a277f0\" data-element_type=\"column\">\n\t\t\t<div class=\"elementor-widget-wrap elementor-element-populated\">\n\t\t\t\t\t\t<section class=\"elementor-section elementor-inner-section elementor-element elementor-element-bd3aef2 elementor-section-boxed elementor-section-height-default elementor-section-height-default\" data-id=\"bd3aef2\" data-element_type=\"section\">\n\t\t\t\t\t\t<div class=\"elementor-container elementor-column-gap-default\">\n\t\t\t\t\t<div class=\"elementor-column elementor-col-33 elementor-inner-column elementor-element elementor-element-aa8c98f\" data-id=\"aa8c98f\" data-element_type=\"column\">\n\t\t\t<div class=\"elementor-widget-wrap\">\n\t\t\t\t\t\t\t<\/div>\n\t\t<\/div>\n\t\t\t\t<div class=\"elementor-column elementor-col-33 elementor-inner-column elementor-element elementor-element-db1c359\" data-id=\"db1c359\" data-element_type=\"column\">\n\t\t\t<div class=\"elementor-widget-wrap elementor-element-populated\">\n\t\t\t\t\t\t<div class=\"elementor-element elementor-element-18279ed elementor-widget elementor-widget-heading\" data-id=\"18279ed\" data-element_type=\"widget\" data-widget_type=\"heading.default\">\n\t\t\t\t<div class=\"elementor-widget-container\">\n\t\t\t\t\t<h1 class=\"elementor-heading-title elementor-size-default\">Bank Transfer<\/h1>\t\t\t\t<\/div>\n\t\t\t\t<\/div>\n\t\t\t\t<div class=\"elementor-element elementor-element-02c74f8 elementor-widget elementor-widget-text-editor\" data-id=\"02c74f8\" data-element_type=\"widget\" data-widget_type=\"text-editor.default\">\n\t\t\t\t<div class=\"elementor-widget-container\">\n\t\t\t\t\t\t\t\t\t<p>As soon as the group of donors has been finalized, we will send you an email containing the information for transferring the donation. Unfortunately, the donation is not tax deductible.<\/p>\n<p>You will then make the transfer via PayPal, directly to the Ukrainian government's account \u2013 if PayPal works for you, and otherwise by credit card. The donation is via this webpage (which opens a new tab):<\/p>\t\t\t\t\t\t\t\t<\/div>\n\t\t\t\t<\/div>\n\t\t\t\t<div class=\"elementor-element elementor-element-d927a90 elementor-align-center btn elementor-widget elementor-widget-button\" data-id=\"d927a90\" data-element_type=\"widget\" data-widget_type=\"button.default\">\n\t\t\t\t<div class=\"elementor-widget-container\">\n\t\t\t\t\t\t\t\t\t<div class=\"elementor-button-wrapper\">\n\t\t\t\t\t<a class=\"elementor-button elementor-button-link elementor-size-sm\" href=\"https:\/\/war.ukraine.ua\/donate\/\" target=\"_blank\">\n\t\t\t\t\t\t<span class=\"elementor-button-content-wrapper\">\n\t\t\t\t\t\t\t\t\t<span class=\"elementor-button-text\">Donation page of the Ukrainian government<\/span>\n\t\t\t\t\t<\/span>\n\t\t\t\t\t<\/a>\n\t\t\t\t<\/div>\n\t\t\t\t\t\t\t\t<\/div>\n\t\t\t\t<\/div>\n\t\t\t\t<div class=\"elementor-element elementor-element-175a6ef elementor-widget elementor-widget-text-editor\" data-id=\"175a6ef\" data-element_type=\"widget\" data-widget_type=\"text-editor.default\">\n\t\t\t\t<div class=\"elementor-widget-container\">\n\t\t\t\t\t\t\t\t\t<p>In the email we will also ask you to send us confirmation of the PayPal or credit card payment. This is all very easy.<\/p><p>As mentioned before we will publish, on this website, the names of all people in the group of donors of the square that we found by the end of the search process. Before your name is published, you have five days to make the transfer and send us the receipt for confirmation. (This only takes a few minutes and we will send you the exact instructions.) We will then add, next to your name, the information that the payment has been received.\u00a0<\/p><p>If you wish to remain anonymous to third parties, you can request that we replace your name on the list with \u201cAnonymous\u201d, at any time after your payment.\u00a0<\/p><p>Click \u201cBack\u201d to return to the donation page.<\/p>\t\t\t\t\t\t\t\t<\/div>\n\t\t\t\t<\/div>\n\t\t\t\t<div class=\"elementor-element elementor-element-04c8fc5 elementor-align-center btn elementor-widget elementor-widget-button\" data-id=\"04c8fc5\" data-element_type=\"widget\" data-widget_type=\"button.default\">\n\t\t\t\t<div class=\"elementor-widget-container\">\n\t\t\t\t\t\t\t\t\t<div class=\"elementor-button-wrapper\">\n\t\t\t\t\t<a class=\"elementor-button elementor-button-link elementor-size-sm\" href=\"https:\/\/yourcontributionsquared.eu\/en\/ihre-spende\/\">\n\t\t\t\t\t\t<span class=\"elementor-button-content-wrapper\">\n\t\t\t\t\t\t\t\t\t<span class=\"elementor-button-text\">Back<\/span>\n\t\t\t\t\t<\/span>\n\t\t\t\t\t<\/a>\n\t\t\t\t<\/div>\n\t\t\t\t\t\t\t\t<\/div>\n\t\t\t\t<\/div>\n\t\t\t\t\t<\/div>\n\t\t<\/div>\n\t\t\t\t<div class=\"elementor-column elementor-col-33 elementor-inner-column elementor-element elementor-element-326d11d\" data-id=\"326d11d\" data-element_type=\"column\">\n\t\t\t<div class=\"elementor-widget-wrap\">\n\t\t\t\t\t\t\t<\/div>\n\t\t<\/div>\n\t\t\t\t\t<\/div>\n\t\t<\/section>\n\t\t\t\t\t<\/div>\n\t\t<\/div>\n\t\t\t\t\t<\/div>\n\t\t<\/section>\n\t\t\t\t<section class=\"elementor-section elementor-top-section elementor-element elementor-element-1c26eb0 elementor-section-boxed elementor-section-height-default elementor-section-height-default\" data-id=\"1c26eb0\" data-element_type=\"section\">\n\t\t\t\t\t\t<div class=\"elementor-container elementor-column-gap-default\">\n\t\t\t\t\t<div class=\"elementor-column elementor-col-100 elementor-top-column elementor-element elementor-element-09b257a\" data-id=\"09b257a\" data-element_type=\"column\">\n\t\t\t<div class=\"elementor-widget-wrap\">\n\t\t\t\t\t\t\t<\/div>\n\t\t<\/div>\n\t\t\t\t\t<\/div>\n\t\t<\/section>\n\t\t\t\t<\/div>","protected":false},"excerpt":{"rendered":"<p>\u00dcberweisung Sobald die Gruppe der Spender final feststeht, schreiben wir Ihnen eine Email, die die Informationen f\u00fcr die \u00dcberweisung der Spende enth\u00e4lt. Eine Steuerabzugsf\u00e4higkeit besteht leider nicht. Die \u00dcberweisung selbst erledigen Sie dann per PayPal direkt an das Konto der ukrainischen Regierung, soweit Ihnen eine \u00dcberweisung per PayPal m\u00f6glich ist, und sonst per Kreditkarte. Die [&hellip;]<\/p>","protected":false},"author":1,"featured_media":0,"parent":0,"menu_order":0,"comment_status":"closed","ping_status":"closed","template":"elementor_header_footer","meta":{"footnotes":""},"class_list":["post-473","page","type-page","status-publish","hentry"],"_links":{"self":[{"href":"https:\/\/yourcontributionsquared.eu\/en\/wp-json\/wp\/v2\/pages\/473","targetHints":{"allow":["GET"]}}],"collection":[{"href":"https:\/\/yourcontributionsquared.eu\/en\/wp-json\/wp\/v2\/pages"}],"about":[{"href":"https:\/\/yourcontributionsquared.eu\/en\/wp-json\/wp\/v2\/types\/page"}],"author":[{"embeddable":true,"href":"https:\/\/yourcontributionsquared.eu\/en\/wp-json\/wp\/v2\/users\/1"}],"replies":[{"embeddable":true,"href":"https:\/\/yourcontributionsquared.eu\/en\/wp-json\/wp\/v2\/comments?post=473"}],"version-history":[{"count":55,"href":"https:\/\/yourcontributionsquared.eu\/en\/wp-json\/wp\/v2\/pages\/473\/revisions"}],"predecessor-version":[{"id":1212,"href":"https:\/\/yourcontributionsquared.eu\/en\/wp-json\/wp\/v2\/pages\/473\/revisions\/1212"}],"wp:attachment":[{"href":"https:\/\/yourcontributionsquared.eu\/en\/wp-json\/wp\/v2\/media?parent=473"}],"curies":[{"name":"wp","href":"https:\/\/api.w.org\/{rel}","templated":true}]}}